{"id":133,"date":"2024-09-12T14:45:19","date_gmt":"2024-09-12T14:45:19","guid":{"rendered":"https:\/\/p8.miexpertodigital1.eu\/?page_id=133"},"modified":"2025-09-25T01:40:38","modified_gmt":"2025-09-25T02:40:38","slug":"politicas-de-privacidad","status":"publish","type":"page","link":"https:\/\/adelynemusic.com\/?page_id=133","title":{"rendered":"Pol\u00edticas de privacidad"},"content":{"rendered":"\t\t<div data-elementor-type=\"wp-post\" data-elementor-id=\"133\" class=\"elementor elementor-133\" data-elementor-post-type=\"page\">\n\t\t\t\t<div class=\"elementor-element elementor-element-e63699a e-flex e-con-boxed e-con e-parent\" data-id=\"e63699a\" data-element_type=\"container\" data-e-type=\"container\">\n\t\t\t\t\t<div class=\"e-con-inner\">\n\t\t<div class=\"elementor-element elementor-element-d2c2d47 e-con-full e-flex e-con e-child\" data-id=\"d2c2d47\" data-element_type=\"container\" data-e-type=\"container\">\n\t\t\t\t<div class=\"elementor-element elementor-element-2ba6cdd elementor-widget elementor-widget-text-editor\" data-id=\"2ba6cdd\" data-element_type=\"widget\" data-e-type=\"widget\" data-widget_type=\"text-editor.default\">\n\t\t\t\t<div class=\"elementor-widget-container\">\n\t\t\t\t\t\t\t\t\t<p><strong>Pol\u00edtica de privacidad<\/strong><\/p><p>En este documento te informamos de los motivos por los que recogemos tus datos personales, qu\u00e9 hacemos con dichos datos, qu\u00e9 derechos tienes y de qu\u00e9 forma puedes ejercerlos.<\/p><p><strong>Responsable de tus datos personales.<\/strong><\/p><p><strong>Responsable de tus datos personales.<\/strong><\/p><p>Identidad: Rebecca Rubio Ferri 21698494H<\/p><p>Direcci\u00f3n: Barcelona, Espa\u00f1a.<\/p><p><span style=\"text-align: var(--text-align); color: var( --e-global-color-secondary ); font-family: var( --e-global-typography-802bbe5-font-family ), Sans-serif; font-size: var( --e-global-typography-802bbe5-font-size ); font-style: var( --e-global-typography-802bbe5-font-style ); font-weight: var( --e-global-typography-802bbe5-font-weight );\">Tel\u00e9fono: Falta informaci\u00f3n<\/span><\/p><p>E-mail: <a href=\"mailto:adelynegrup@gmail.com\">adelynegrup@gmail.com<\/a><\/p><p><strong>\u00bfPara qu\u00e9 recogemos tus datos personales?<\/strong><\/p><p>En <a href=\"mailto:adelynegrup@gmail.com\">adelynegrup@gmail.com<\/a>\u00a0recogemos y tratamos la informaci\u00f3n que nos facilitas con el fin de responder a las cuestiones que nos planteas a trav\u00e9s de nuestros formularios de contacto y de comentarios, y para enviarte informaci\u00f3n que sea de tu inter\u00e9s a trav\u00e9s de nuestros canales de comunicaci\u00f3n.<\/p><p>Tendremos almacenada dicha informaci\u00f3n mientras no solicites que la eliminemos.<\/p><p><strong>\u00bfCu\u00e1les son las bases legales para el tratamiento de tus datos?<\/strong><\/p><p>Las bases legales para tratar tus datos son las siguientes:<\/p><p>Ejecuci\u00f3n del contrato de suscripci\u00f3n, para hacerte llegar informaci\u00f3n que sea de tu inter\u00e9s a trav\u00e9s de nuestros canales de comunicaci\u00f3n.<\/p><p>Obtenci\u00f3n de tu consentimiento, para responder a las cuestiones que nos planteas a trav\u00e9s de nuestros formularios de contacto y de comentarios.<\/p><p>Recuerda que no est\u00e1s obligado a darnos tu consentimiento para el tratamiento de tus datos, pero si no lo haces <a href=\"mailto:adelynegrup@gmail.com\">adelynegrup@gmail.com<\/a>\u00a0no podr\u00e1 hacerte llegar informaci\u00f3n que sea de tu inter\u00e9s a trav\u00e9s de nuestros canales de comunicaci\u00f3n.<\/p><p><strong>\u00bfA qui\u00e9nes se podr\u00e1n comunicar tus datos personales?<\/strong><\/p><p>Para que podamos ofrecerte servicios de mayor calidad y cumplir con nuestras obligaciones fiscales, te comunicamos que los datos que t\u00fa nos facilites pueden ser cedidos a:<\/p><p><a href=\"https:\/\/www.siteground.es\/\">Siteground<\/a>\u00a0con domicilio fiscal en C\/Serrano 1, 5\u00ba, encargado de proporcionar el hosting y el dominio para esta web.<\/p><p><a href=\"https:\/\/google.com\/\">Google LLC<\/a>, encargado de la recogida de anal\u00edticas de esta web y sujeto al acuerdo\u00a0<a href=\"https:\/\/www.privacyshield.gov\/participant?id=a2zt000000001L5AAI&amp;status=Active\">EU-US Privacy Shield<\/a>.<\/p><p><strong>\u00bfQu\u00e9 derechos tienes sobre tus datos?<\/strong><\/p><p>Estos son los derechos que puedes ejercer sobre tus datos personales:<\/p><p>Derechos a solicitar el acceso a tus datos de car\u00e1cter personal.<\/p><p>Derecho a solicitar la rectificaci\u00f3n o supresi\u00f3n.<\/p><p>Derecho a solicitar la limitaci\u00f3n del tratamiento.<\/p><p>Derecho a oponerse al tratamiento.<\/p><p>Para ejercer tus derechos, anteriormente mencionados, puedes enviarnos un correo electr\u00f3nico a <a href=\"mailto:adelynegrup@gmail.com\">adelynegrup@gmail.com<\/a>\u00a0indicando en el asunto \u201cPROTECCI\u00d3N DE DATOS\u201d incluyendo una fotocopia de tu DNI u otro documento de identificaci\u00f3n equivalente.<\/p><p><strong>\u00bfPuedo retirar el consentimiento?<\/strong><\/p><p>Tienes derecho a retirar el consentimiento para cualquier finalidad espec\u00edfica otorgada en su momento, sin que ello afecte a la licitud del tratamiento basado en el consentimiento previo a su retirada.<\/p><p><strong>\u00bfD\u00f3nde puedo reclamar si considero que mis datos no se tratan correctamente?<\/strong><\/p><p>Si consideras que tus datos no se est\u00e1n tratando correctamente puedes dirigir tus reclamaciones al correo <a href=\"mailto:adelynegrup@gmail.com\">adelynegrup@gmail.com<\/a>\u00a0o a la Agencia Espa\u00f1ola de Protecci\u00f3n de Datos (<a href=\"http:\/\/www.agpd.es\/\">AEPD<\/a>).<\/p><p><strong>Seguridad y actualizaci\u00f3n de tus datos personales<\/strong><\/p><p>Para garantizar la seguridad de sus datos personales te informamos que en espanolo.com hemos adoptado todas las medidas t\u00e9cnicas y organizativas necesarias para garantizar la seguridad de tus datos personales. Con el fin de evitar su alteraci\u00f3n, p\u00e9rdida o accesos no autorizados, tal y como exige la ley, entendiendo que la seguridad absoluta no existe.<\/p><p>Con el objetivo de poder mantener tus datos personales actualizados, te rogamos que nos informes en caso de que se produzca alguna modificaci\u00f3n sobre los mismos.<\/p>\t\t\t\t\t\t\t\t<\/div>\n\t\t\t\t<\/div>\n\t\t\t\t<\/div>\n\t\t\t\t\t<\/div>\n\t\t\t\t<\/div>\n\t\t\t\t<\/div>\n\t\t","protected":false},"excerpt":{"rendered":"<p>Pol\u00edtica de privacidad En este documento te informamos de los motivos por los que recogemos tus datos personales, qu\u00e9 hacemos con dichos datos, qu\u00e9 derechos tienes y de qu\u00e9 forma puedes ejercerlos. Responsable de tus datos personales. Responsable de tus datos personales. Identidad: Rebecca Rubio Ferri 21698494H Direcci\u00f3n: Barcelona, Espa\u00f1a. Tel\u00e9fono: Falta informaci\u00f3n E-mail: adelynegrup@gmail.com [&hellip;]<\/p>\n","protected":false},"author":8,"featured_media":0,"parent":0,"menu_order":0,"comment_status":"closed","ping_status":"closed","template":"","meta":{"footnotes":""},"class_list":["post-133","page","type-page","status-publish","hentry"],"yoast_head":"<!-- This site is optimized with the Yoast SEO plugin v26.9 - https:\/\/yoast.com\/product\/yoast-seo-wordpress\/ -->\n<title>Pol\u00edticas de privacidad - Adelyne Music<\/title>\n<meta name=\"robots\" content=\"noindex, follow, max-snippet:-1, max-image-preview:large, max-video-preview:-1\" \/>\n<meta property=\"og:locale\" content=\"es_ES\" \/>\n<meta property=\"og:type\" content=\"article\" \/>\n<meta property=\"og:title\" content=\"Pol\u00edticas de privacidad - Adelyne Music\" \/>\n<meta property=\"og:description\" content=\"Pol\u00edtica de privacidad En este documento te informamos de los motivos por los que recogemos tus datos personales, qu\u00e9 hacemos con dichos datos, qu\u00e9 derechos tienes y de qu\u00e9 forma puedes ejercerlos. Responsable de tus datos personales. Responsable de tus datos personales. Identidad: Rebecca Rubio Ferri 21698494H Direcci\u00f3n: Barcelona, Espa\u00f1a. Tel\u00e9fono: Falta informaci\u00f3n E-mail: adelynegrup@gmail.com [&hellip;]\" \/>\n<meta property=\"og:url\" content=\"https:\/\/adelynemusic.com\/?page_id=133\" \/>\n<meta property=\"og:site_name\" content=\"Adelyne Music\" \/>\n<meta property=\"article:modified_time\" content=\"2025-09-25T02:40:38+00:00\" \/>\n<meta name=\"twitter:card\" content=\"summary_large_image\" \/>\n<meta name=\"twitter:label1\" content=\"Tiempo de lectura\" \/>\n\t<meta name=\"twitter:data1\" content=\"3 minutos\" \/>\n<script type=\"application\/ld+json\" class=\"yoast-schema-graph\">{\"@context\":\"https:\/\/schema.org\",\"@graph\":[{\"@type\":\"WebPage\",\"@id\":\"https:\/\/adelynemusic.com\/?page_id=133\",\"url\":\"https:\/\/adelynemusic.com\/?page_id=133\",\"name\":\"Pol\u00edticas de privacidad - Adelyne Music\",\"isPartOf\":{\"@id\":\"https:\/\/adelynemusic.com\/#website\"},\"datePublished\":\"2024-09-12T14:45:19+00:00\",\"dateModified\":\"2025-09-25T02:40:38+00:00\",\"breadcrumb\":{\"@id\":\"https:\/\/adelynemusic.com\/?page_id=133#breadcrumb\"},\"inLanguage\":\"es\",\"potentialAction\":[{\"@type\":\"ReadAction\",\"target\":[\"https:\/\/adelynemusic.com\/?page_id=133\"]}]},{\"@type\":\"BreadcrumbList\",\"@id\":\"https:\/\/adelynemusic.com\/?page_id=133#breadcrumb\",\"itemListElement\":[{\"@type\":\"ListItem\",\"position\":1,\"name\":\"Portada\",\"item\":\"https:\/\/adelynemusic.com\/\"},{\"@type\":\"ListItem\",\"position\":2,\"name\":\"Pol\u00edticas de privacidad\"}]},{\"@type\":\"WebSite\",\"@id\":\"https:\/\/adelynemusic.com\/#website\",\"url\":\"https:\/\/adelynemusic.com\/\",\"name\":\"adelyne music\",\"description\":\"El grupo musical que eleva tus emociones\",\"publisher\":{\"@id\":\"https:\/\/adelynemusic.com\/#organization\"},\"alternateName\":\"Centro Teol\u00f3gico Terap\u00e9utico CTT\",\"potentialAction\":[{\"@type\":\"SearchAction\",\"target\":{\"@type\":\"EntryPoint\",\"urlTemplate\":\"https:\/\/adelynemusic.com\/?s={search_term_string}\"},\"query-input\":{\"@type\":\"PropertyValueSpecification\",\"valueRequired\":true,\"valueName\":\"search_term_string\"}}],\"inLanguage\":\"es\"},{\"@type\":\"Organization\",\"@id\":\"https:\/\/adelynemusic.com\/#organization\",\"name\":\"adelyne music\",\"alternateName\":\"Centro Teol\u00f3gico Terap\u00e9utico CTT\",\"url\":\"https:\/\/adelynemusic.com\/\",\"logo\":{\"@type\":\"ImageObject\",\"inLanguage\":\"es\",\"@id\":\"https:\/\/adelynemusic.com\/#\/schema\/logo\/image\/\",\"url\":\"https:\/\/adelynemusic.com\/wp-content\/uploads\/2024\/09\/Logo_Adalyne_Clean_Negativo.png\",\"contentUrl\":\"https:\/\/adelynemusic.com\/wp-content\/uploads\/2024\/09\/Logo_Adalyne_Clean_Negativo.png\",\"width\":1716,\"height\":808,\"caption\":\"adelyne music\"},\"image\":{\"@id\":\"https:\/\/adelynemusic.com\/#\/schema\/logo\/image\/\"},\"sameAs\":[\"https:\/\/www.instagram.com\/adelynemusic\/\",\"https:\/\/www.tiktok.com\/@adelynemusic\",\"https:\/\/www.youtube.com\/channel\/UCsH5_a8-4666Gp6oRy7BOVw\"]}]}<\/script>\n<!-- \/ Yoast SEO plugin. -->","yoast_head_json":{"title":"Pol\u00edticas de privacidad - Adelyne Music","robots":{"index":"noindex","follow":"follow","max-snippet":"max-snippet:-1","max-image-preview":"max-image-preview:large","max-video-preview":"max-video-preview:-1"},"og_locale":"es_ES","og_type":"article","og_title":"Pol\u00edticas de privacidad - Adelyne Music","og_description":"Pol\u00edtica de privacidad En este documento te informamos de los motivos por los que recogemos tus datos personales, qu\u00e9 hacemos con dichos datos, qu\u00e9 derechos tienes y de qu\u00e9 forma puedes ejercerlos. Responsable de tus datos personales. Responsable de tus datos personales. Identidad: Rebecca Rubio Ferri 21698494H Direcci\u00f3n: Barcelona, Espa\u00f1a. Tel\u00e9fono: Falta informaci\u00f3n E-mail: adelynegrup@gmail.com [&hellip;]","og_url":"https:\/\/adelynemusic.com\/?page_id=133","og_site_name":"Adelyne Music","article_modified_time":"2025-09-25T02:40:38+00:00","twitter_card":"summary_large_image","twitter_misc":{"Tiempo de lectura":"3 minutos"},"schema":{"@context":"https:\/\/schema.org","@graph":[{"@type":"WebPage","@id":"https:\/\/adelynemusic.com\/?page_id=133","url":"https:\/\/adelynemusic.com\/?page_id=133","name":"Pol\u00edticas de privacidad - Adelyne Music","isPartOf":{"@id":"https:\/\/adelynemusic.com\/#website"},"datePublished":"2024-09-12T14:45:19+00:00","dateModified":"2025-09-25T02:40:38+00:00","breadcrumb":{"@id":"https:\/\/adelynemusic.com\/?page_id=133#breadcrumb"},"inLanguage":"es","potentialAction":[{"@type":"ReadAction","target":["https:\/\/adelynemusic.com\/?page_id=133"]}]},{"@type":"BreadcrumbList","@id":"https:\/\/adelynemusic.com\/?page_id=133#breadcrumb","itemListElement":[{"@type":"ListItem","position":1,"name":"Portada","item":"https:\/\/adelynemusic.com\/"},{"@type":"ListItem","position":2,"name":"Pol\u00edticas de privacidad"}]},{"@type":"WebSite","@id":"https:\/\/adelynemusic.com\/#website","url":"https:\/\/adelynemusic.com\/","name":"adelyne music","description":"El grupo musical que eleva tus emociones","publisher":{"@id":"https:\/\/adelynemusic.com\/#organization"},"alternateName":"Centro Teol\u00f3gico Terap\u00e9utico CTT","potentialAction":[{"@type":"SearchAction","target":{"@type":"EntryPoint","urlTemplate":"https:\/\/adelynemusic.com\/?s={search_term_string}"},"query-input":{"@type":"PropertyValueSpecification","valueRequired":true,"valueName":"search_term_string"}}],"inLanguage":"es"},{"@type":"Organization","@id":"https:\/\/adelynemusic.com\/#organization","name":"adelyne music","alternateName":"Centro Teol\u00f3gico Terap\u00e9utico CTT","url":"https:\/\/adelynemusic.com\/","logo":{"@type":"ImageObject","inLanguage":"es","@id":"https:\/\/adelynemusic.com\/#\/schema\/logo\/image\/","url":"https:\/\/adelynemusic.com\/wp-content\/uploads\/2024\/09\/Logo_Adalyne_Clean_Negativo.png","contentUrl":"https:\/\/adelynemusic.com\/wp-content\/uploads\/2024\/09\/Logo_Adalyne_Clean_Negativo.png","width":1716,"height":808,"caption":"adelyne music"},"image":{"@id":"https:\/\/adelynemusic.com\/#\/schema\/logo\/image\/"},"sameAs":["https:\/\/www.instagram.com\/adelynemusic\/","https:\/\/www.tiktok.com\/@adelynemusic","https:\/\/www.youtube.com\/channel\/UCsH5_a8-4666Gp6oRy7BOVw"]}]}},"_links":{"self":[{"href":"https:\/\/adelynemusic.com\/index.php?rest_route=\/wp\/v2\/pages\/133","targetHints":{"allow":["GET"]}}],"collection":[{"href":"https:\/\/adelynemusic.com\/index.php?rest_route=\/wp\/v2\/pages"}],"about":[{"href":"https:\/\/adelynemusic.com\/index.php?rest_route=\/wp\/v2\/types\/page"}],"author":[{"embeddable":true,"href":"https:\/\/adelynemusic.com\/index.php?rest_route=\/wp\/v2\/users\/8"}],"replies":[{"embeddable":true,"href":"https:\/\/adelynemusic.com\/index.php?rest_route=%2Fwp%2Fv2%2Fcomments&post=133"}],"version-history":[{"count":10,"href":"https:\/\/adelynemusic.com\/index.php?rest_route=\/wp\/v2\/pages\/133\/revisions"}],"predecessor-version":[{"id":1589,"href":"https:\/\/adelynemusic.com\/index.php?rest_route=\/wp\/v2\/pages\/133\/revisions\/1589"}],"wp:attachment":[{"href":"https:\/\/adelynemusic.com\/index.php?rest_route=%2Fwp%2Fv2%2Fmedia&parent=133"}],"curies":[{"name":"wp","href":"https:\/\/api.w.org\/{rel}","templated":true}]}}