{"id":7,"date":"2024-09-12T08:49:03","date_gmt":"2024-09-12T08:49:03","guid":{"rendered":"https:\/\/p8.miexpertodigital1.eu\/?page_id=7"},"modified":"2025-09-25T07:22:59","modified_gmt":"2025-09-25T08:22:59","slug":"contacto","status":"publish","type":"page","link":"https:\/\/adelynemusic.com\/?page_id=7","title":{"rendered":"Contacto"},"content":{"rendered":"\t\t<div data-elementor-type=\"wp-post\" data-elementor-id=\"7\" class=\"elementor elementor-7\" data-elementor-post-type=\"page\">\n\t\t\t\t<div class=\"elementor-element elementor-element-7fc06eb e-con-full e-flex e-con e-parent\" data-id=\"7fc06eb\" data-element_type=\"container\" data-e-type=\"container\" data-settings=\"{&quot;background_background&quot;:&quot;slideshow&quot;,&quot;background_slideshow_gallery&quot;:[{&quot;id&quot;:1500,&quot;url&quot;:&quot;https:\\\/\\\/adelynemusic.com\\\/wp-content\\\/uploads\\\/2025\\\/09\\\/apolo-adelyne-74-scaled.webp&quot;}],&quot;background_slideshow_loop&quot;:&quot;yes&quot;,&quot;background_slideshow_slide_duration&quot;:5000,&quot;background_slideshow_slide_transition&quot;:&quot;fade&quot;,&quot;background_slideshow_transition_duration&quot;:500}\">\n\t\t<div class=\"elementor-element elementor-element-956c010 e-con-full e-flex e-con e-child\" data-id=\"956c010\" data-element_type=\"container\" data-e-type=\"container\" data-settings=\"{&quot;background_background&quot;:&quot;slideshow&quot;,&quot;background_slideshow_gallery&quot;:[],&quot;background_slideshow_loop&quot;:&quot;yes&quot;,&quot;background_slideshow_slide_duration&quot;:5000,&quot;background_slideshow_slide_transition&quot;:&quot;fade&quot;,&quot;background_slideshow_transition_duration&quot;:500}\">\n\t\t<div class=\"elementor-element elementor-element-41c6217 e-con-full e-flex e-con e-child\" data-id=\"41c6217\" data-element_type=\"container\" data-e-type=\"container\">\n\t\t\t\t<div class=\"elementor-element elementor-element-dca3c07 elementor-invisible elementor-widget elementor-widget-heading\" data-id=\"dca3c07\" data-element_type=\"widget\" data-e-type=\"widget\" data-settings=\"{&quot;_animation&quot;:&quot;fadeInUp&quot;}\" data-widget_type=\"heading.default\">\n\t\t\t\t<div class=\"elementor-widget-container\">\n\t\t\t\t\t<h1 class=\"elementor-heading-title elementor-size-default\">Contacto<\/h1>\t\t\t\t<\/div>\n\t\t\t\t<\/div>\n\t\t\t\t<\/div>\n\t\t<div class=\"elementor-element elementor-element-de5d9d6 e-con-full e-flex e-con e-child\" data-id=\"de5d9d6\" data-element_type=\"container\" data-e-type=\"container\">\n\t\t\t\t<div class=\"elementor-element elementor-element-1da250e elementor-widget elementor-widget-image\" data-id=\"1da250e\" data-element_type=\"widget\" data-e-type=\"widget\" data-widget_type=\"image.default\">\n\t\t\t\t<div class=\"elementor-widget-container\">\n\t\t\t\t\t\t\t\t\t\t\t\t\t\t\t<img decoding=\"async\" src=\"https:\/\/adelynemusic.com\/wp-content\/uploads\/elementor\/thumbs\/IMG-0071-reay9tzc41afd322gt60znmonkmog4o6er4dqh7gjs.webp\" title=\"adeline-logo2-adeline\" alt=\"adeline-logo2-adeline\" loading=\"lazy\" \/>\t\t\t\t\t\t\t\t\t\t\t\t\t\t\t<\/div>\n\t\t\t\t<\/div>\n\t\t\t\t<\/div>\n\t\t\t\t<\/div>\n\t\t\t\t<\/div>\n\t\t<div class=\"elementor-element elementor-element-2d3bdcc e-flex e-con-boxed e-con e-parent\" data-id=\"2d3bdcc\" data-element_type=\"container\" data-e-type=\"container\">\n\t\t\t\t\t<div class=\"e-con-inner\">\n\t\t<div class=\"elementor-element elementor-element-9cdd28a e-con-full e-flex e-con e-child\" data-id=\"9cdd28a\" data-element_type=\"container\" data-e-type=\"container\">\n\t\t\t\t<div class=\"elementor-element elementor-element-2d191fc elementor-widget__width-auto elementor-widget-tablet__width-inherit elementor-widget elementor-widget-heading\" data-id=\"2d191fc\" data-element_type=\"widget\" data-e-type=\"widget\" data-widget_type=\"heading.default\">\n\t\t\t\t<div class=\"elementor-widget-container\">\n\t\t\t\t\t<h2 class=\"elementor-heading-title elementor-size-default\">Cont\u00e1ctanos\n<\/h2>\t\t\t\t<\/div>\n\t\t\t\t<\/div>\n\t\t\t\t<div class=\"elementor-element elementor-element-65d8f3d elementor-widget-tablet__width-initial elementor-widget elementor-widget-text-editor\" data-id=\"65d8f3d\" data-element_type=\"widget\" data-e-type=\"widget\" data-widget_type=\"text-editor.default\">\n\t\t\t\t<div class=\"elementor-widget-container\">\n\t\t\t\t\t\t\t\t\t<p>Para m\u00e1s informaci\u00f3n, no dudes en <a href=\"mailto:adelynegrup@gmail.com\"><strong>contactarnos por correo electr\u00f3nico<\/strong><\/a>.<\/p><p><b>Direcci\u00f3n: <\/b>Barcelona, Espa\u00f1a.<\/p><p><strong>Correo Electr\u00f3nico: <a href=\"mailto:adelynegrup@gmail.com\">hola@adelynemusic.com<\/a><\/strong><\/p><p>S\u00edguenos en nuestras<strong> redes sociales<\/strong>:<\/p>\t\t\t\t\t\t\t\t<\/div>\n\t\t\t\t<\/div>\n\t\t\t\t<div class=\"elementor-element elementor-element-da564c7 elementor-shape-circle e-grid-align-mobile-center elementor-widget__width-auto elementor-widget-mobile__width-inherit elementor-grid-0 e-grid-align-center elementor-widget elementor-widget-social-icons\" data-id=\"da564c7\" data-element_type=\"widget\" data-e-type=\"widget\" data-widget_type=\"social-icons.default\">\n\t\t\t\t<div class=\"elementor-widget-container\">\n\t\t\t\t\t\t\t<div class=\"elementor-social-icons-wrapper elementor-grid\" role=\"list\">\n\t\t\t\t\t\t\t<span class=\"elementor-grid-item\" role=\"listitem\">\n\t\t\t\t\t<a class=\"elementor-icon elementor-social-icon elementor-social-icon-youtube elementor-animation-grow elementor-repeater-item-f78f28f\" href=\"https:\/\/www.youtube.com\/channel\/UCsH5_a8-4666Gp6oRy7BOVw\" target=\"_blank\">\n\t\t\t\t\t\t<span class=\"elementor-screen-only\">Youtube<\/span>\n\t\t\t\t\t\t<svg aria-hidden=\"true\" class=\"e-font-icon-svg e-fab-youtube\" viewBox=\"0 0 576 512\" xmlns=\"http:\/\/www.w3.org\/2000\/svg\"><path d=\"M549.655 124.083c-6.281-23.65-24.787-42.276-48.284-48.597C458.781 64 288 64 288 64S117.22 64 74.629 75.486c-23.497 6.322-42.003 24.947-48.284 48.597-11.412 42.867-11.412 132.305-11.412 132.305s0 89.438 11.412 132.305c6.281 23.65 24.787 41.5 48.284 47.821C117.22 448 288 448 288 448s170.78 0 213.371-11.486c23.497-6.321 42.003-24.171 48.284-47.821 11.412-42.867 11.412-132.305 11.412-132.305s0-89.438-11.412-132.305zm-317.51 213.508V175.185l142.739 81.205-142.739 81.201z\"><\/path><\/svg>\t\t\t\t\t<\/a>\n\t\t\t\t<\/span>\n\t\t\t\t\t\t\t<span class=\"elementor-grid-item\" role=\"listitem\">\n\t\t\t\t\t<a class=\"elementor-icon elementor-social-icon elementor-social-icon-tiktok elementor-animation-grow elementor-repeater-item-45c1459\" href=\"https:\/\/www.tiktok.com\/@adelynemusic\" target=\"_blank\">\n\t\t\t\t\t\t<span class=\"elementor-screen-only\">Tiktok<\/span>\n\t\t\t\t\t\t<svg aria-hidden=\"true\" class=\"e-font-icon-svg e-fab-tiktok\" viewBox=\"0 0 448 512\" xmlns=\"http:\/\/www.w3.org\/2000\/svg\"><path d=\"M448,209.91a210.06,210.06,0,0,1-122.77-39.25V349.38A162.55,162.55,0,1,1,185,188.31V278.2a74.62,74.62,0,1,0,52.23,71.18V0l88,0a121.18,121.18,0,0,0,1.86,22.17h0A122.18,122.18,0,0,0,381,102.39a121.43,121.43,0,0,0,67,20.14Z\"><\/path><\/svg>\t\t\t\t\t<\/a>\n\t\t\t\t<\/span>\n\t\t\t\t\t\t\t<span class=\"elementor-grid-item\" role=\"listitem\">\n\t\t\t\t\t<a class=\"elementor-icon elementor-social-icon elementor-social-icon-instagram elementor-animation-grow elementor-repeater-item-6ce7309\" href=\"https:\/\/www.instagram.com\/adelynemusic\/\" target=\"_blank\">\n\t\t\t\t\t\t<span class=\"elementor-screen-only\">Instagram<\/span>\n\t\t\t\t\t\t<svg aria-hidden=\"true\" class=\"e-font-icon-svg e-fab-instagram\" viewBox=\"0 0 448 512\" xmlns=\"http:\/\/www.w3.org\/2000\/svg\"><path d=\"M224.1 141c-63.6 0-114.9 51.3-114.9 114.9s51.3 114.9 114.9 114.9S339 319.5 339 255.9 287.7 141 224.1 141zm0 189.6c-41.1 0-74.7-33.5-74.7-74.7s33.5-74.7 74.7-74.7 74.7 33.5 74.7 74.7-33.6 74.7-74.7 74.7zm146.4-194.3c0 14.9-12 26.8-26.8 26.8-14.9 0-26.8-12-26.8-26.8s12-26.8 26.8-26.8 26.8 12 26.8 26.8zm76.1 27.2c-1.7-35.9-9.9-67.7-36.2-93.9-26.2-26.2-58-34.4-93.9-36.2-37-2.1-147.9-2.1-184.9 0-35.8 1.7-67.6 9.9-93.9 36.1s-34.4 58-36.2 93.9c-2.1 37-2.1 147.9 0 184.9 1.7 35.9 9.9 67.7 36.2 93.9s58 34.4 93.9 36.2c37 2.1 147.9 2.1 184.9 0 35.9-1.7 67.7-9.9 93.9-36.2 26.2-26.2 34.4-58 36.2-93.9 2.1-37 2.1-147.8 0-184.8zM398.8 388c-7.8 19.6-22.9 34.7-42.6 42.6-29.5 11.7-99.5 9-132.1 9s-102.7 2.6-132.1-9c-19.6-7.8-34.7-22.9-42.6-42.6-11.7-29.5-9-99.5-9-132.1s-2.6-102.7 9-132.1c7.8-19.6 22.9-34.7 42.6-42.6 29.5-11.7 99.5-9 132.1-9s102.7-2.6 132.1 9c19.6 7.8 34.7 22.9 42.6 42.6 11.7 29.5 9 99.5 9 132.1s2.7 102.7-9 132.1z\"><\/path><\/svg>\t\t\t\t\t<\/a>\n\t\t\t\t<\/span>\n\t\t\t\t\t<\/div>\n\t\t\t\t\t\t<\/div>\n\t\t\t\t<\/div>\n\t\t\t\t<\/div>\n\t\t<div class=\"elementor-element elementor-element-0b9325f e-con-full e-flex elementor-invisible e-con e-child\" data-id=\"0b9325f\" data-element_type=\"container\" data-e-type=\"container\" data-settings=\"{&quot;background_background&quot;:&quot;classic&quot;,&quot;animation&quot;:&quot;slideInRight&quot;}\">\n\t\t\t\t<div class=\"elementor-element elementor-element-55f3795 elementor-widget elementor-widget-heading\" data-id=\"55f3795\" data-element_type=\"widget\" data-e-type=\"widget\" data-widget_type=\"heading.default\">\n\t\t\t\t<div class=\"elementor-widget-container\">\n\t\t\t\t\t<h4 class=\"elementor-heading-title elementor-size-default\">Escr\u00edbenos para m\u00e1s informaci\u00f3n:<\/h4>\t\t\t\t<\/div>\n\t\t\t\t<\/div>\n\t\t\t\t<div class=\"elementor-element elementor-element-1e27068 elementor-widget elementor-widget-spacer\" data-id=\"1e27068\" data-element_type=\"widget\" data-e-type=\"widget\" data-widget_type=\"spacer.default\">\n\t\t\t\t<div class=\"elementor-widget-container\">\n\t\t\t\t\t\t\t<div class=\"elementor-spacer\">\n\t\t\t<div class=\"elementor-spacer-inner\"><\/div>\n\t\t<\/div>\n\t\t\t\t\t\t<\/div>\n\t\t\t\t<\/div>\n\t\t\t\t<div class=\"elementor-element elementor-element-cd7de30 elementor-button-align-center elementor-widget elementor-widget-form\" data-id=\"cd7de30\" data-element_type=\"widget\" data-e-type=\"widget\" data-settings=\"{&quot;step_next_label&quot;:&quot;Siguiente&quot;,&quot;step_previous_label&quot;:&quot;Anterior&quot;,&quot;button_width&quot;:&quot;100&quot;,&quot;step_type&quot;:&quot;number_text&quot;,&quot;step_icon_shape&quot;:&quot;circle&quot;}\" data-widget_type=\"form.default\">\n\t\t\t\t<div class=\"elementor-widget-container\">\n\t\t\t\t\t\t\t<form class=\"elementor-form\" method=\"post\" name=\"Nuevo formulario\" aria-label=\"Nuevo formulario\">\n\t\t\t<input type=\"hidden\" name=\"post_id\" value=\"7\"\/>\n\t\t\t<input type=\"hidden\" name=\"form_id\" value=\"cd7de30\"\/>\n\t\t\t<input type=\"hidden\" name=\"referer_title\" value=\"Contacto - Adelyne Music\" \/>\n\n\t\t\t\t\t\t\t<input type=\"hidden\" name=\"queried_id\" value=\"7\"\/>\n\t\t\t\n\t\t\t<div class=\"elementor-form-fields-wrapper elementor-labels-above\">\n\t\t\t\t\t\t\t\t<div class=\"elementor-field-type-text elementor-field-group elementor-column elementor-field-group-name elementor-col-50\">\n\t\t\t\t\t\t\t\t\t\t\t\t<label for=\"form-field-name\" class=\"elementor-field-label\">\n\t\t\t\t\t\t\t\tNombre completo\t\t\t\t\t\t\t<\/label>\n\t\t\t\t\t\t\t\t\t\t\t\t\t\t<input size=\"1\" type=\"text\" name=\"form_fields[name]\" id=\"form-field-name\" class=\"elementor-field elementor-size-sm  elementor-field-textual\" placeholder=\"Nombre completo\">\n\t\t\t\t\t\t\t\t\t\t\t<\/div>\n\t\t\t\t\t\t\t\t<div class=\"elementor-field-type-text elementor-field-group elementor-column elementor-field-group-field_e6357c6 elementor-col-50\">\n\t\t\t\t\t\t\t\t\t\t\t\t<label for=\"form-field-field_e6357c6\" class=\"elementor-field-label\">\n\t\t\t\t\t\t\t\tApellido completo\t\t\t\t\t\t\t<\/label>\n\t\t\t\t\t\t\t\t\t\t\t\t\t\t<input size=\"1\" type=\"text\" name=\"form_fields[field_e6357c6]\" id=\"form-field-field_e6357c6\" class=\"elementor-field elementor-size-sm  elementor-field-textual\" placeholder=\"Apellido completo\">\n\t\t\t\t\t\t\t\t\t\t\t<\/div>\n\t\t\t\t\t\t\t\t<div class=\"elementor-field-type-email elementor-field-group elementor-column elementor-field-group-email elementor-col-100 elementor-field-required\">\n\t\t\t\t\t\t\t\t\t\t\t\t<label for=\"form-field-email\" class=\"elementor-field-label\">\n\t\t\t\t\t\t\t\tCorreo electr\u00f3nico\t\t\t\t\t\t\t<\/label>\n\t\t\t\t\t\t\t\t\t\t\t\t\t\t<input size=\"1\" type=\"email\" name=\"form_fields[email]\" id=\"form-field-email\" class=\"elementor-field elementor-size-sm  elementor-field-textual\" placeholder=\"Correo electr\u00f3nico\" required=\"required\">\n\t\t\t\t\t\t\t\t\t\t\t<\/div>\n\t\t\t\t\t\t\t\t<div class=\"elementor-field-type-textarea elementor-field-group elementor-column elementor-field-group-message elementor-col-100\">\n\t\t\t\t\t\t\t\t\t\t\t\t<label for=\"form-field-message\" class=\"elementor-field-label\">\n\t\t\t\t\t\t\t\tMensaje\t\t\t\t\t\t\t<\/label>\n\t\t\t\t\t\t<textarea class=\"elementor-field-textual elementor-field  elementor-size-sm\" name=\"form_fields[message]\" id=\"form-field-message\" rows=\"4\" placeholder=\"Escriba aqu\u00ed su mensaje\"><\/textarea>\t\t\t\t<\/div>\n\t\t\t\t\t\t\t\t<div class=\"elementor-field-type-recaptcha_v3 elementor-field-group elementor-column elementor-field-group-field_d0c0bb7 elementor-col-100 recaptcha_v3-bottomright\">\n\t\t\t\t\t<div class=\"elementor-field\" id=\"form-field-field_d0c0bb7\"><div class=\"elementor-g-recaptcha\" data-sitekey=\"6Lf9vgQsAAAAANcOedINBEmoFdZabCJOtBl31qaF\" data-type=\"v3\" data-action=\"Form\" data-badge=\"bottomright\" data-size=\"invisible\"><\/div><\/div>\t\t\t\t<\/div>\n\t\t\t\t\t\t\t\t<div class=\"elementor-field-type-text\">\n\t\t\t\t\t<input size=\"1\" type=\"text\" name=\"form_fields[field_be68b88]\" id=\"form-field-field_be68b88\" class=\"elementor-field elementor-size-sm \" style=\"display:none !important;\">\t\t\t\t<\/div>\n\t\t\t\t\t\t\t\t<div class=\"elementor-field-group elementor-column elementor-field-type-submit elementor-col-100 e-form__buttons\">\n\t\t\t\t\t<button class=\"elementor-button elementor-size-sm elementor-animation-grow\" type=\"submit\">\n\t\t\t\t\t\t<span class=\"elementor-button-content-wrapper\">\n\t\t\t\t\t\t\t\t\t\t\t\t\t\t\t\t\t\t\t\t\t\t<span class=\"elementor-button-text\">Enviar<\/span>\n\t\t\t\t\t\t\t\t\t\t\t\t\t<\/span>\n\t\t\t\t\t<\/button>\n\t\t\t\t<\/div>\n\t\t\t<\/div>\n\t\t<\/form>\n\t\t\t\t\t\t<\/div>\n\t\t\t\t<\/div>\n\t\t\t\t<\/div>\n\t\t\t\t\t<\/div>\n\t\t\t\t<\/div>\n\t\t<div class=\"elementor-element elementor-element-aedb929 e-flex e-con-boxed e-con e-parent\" data-id=\"aedb929\" data-element_type=\"container\" data-e-type=\"container\">\n\t\t\t\t\t<div class=\"e-con-inner\">\n\t\t\t\t<div class=\"elementor-element elementor-element-0f5fbb5 elementor-widget elementor-widget-google_maps\" data-id=\"0f5fbb5\" data-element_type=\"widget\" data-e-type=\"widget\" data-widget_type=\"google_maps.default\">\n\t\t\t\t<div class=\"elementor-widget-container\">\n\t\t\t\t\t\t\t<div class=\"elementor-custom-embed\">\n\t\t\t<iframe loading=\"lazy\"\n\t\t\t\t\tsrc=\"https:\/\/maps.google.com\/maps?q=Barcelona%2C%20Espa%C3%B1a.&#038;t=m&#038;z=16&#038;output=embed&#038;iwloc=near\"\n\t\t\t\t\ttitle=\"Barcelona, Espa\u00f1a.\"\n\t\t\t\t\taria-label=\"Barcelona, Espa\u00f1a.\"\n\t\t\t><\/iframe>\n\t\t<\/div>\n\t\t\t\t\t\t<\/div>\n\t\t\t\t<\/div>\n\t\t\t\t\t<\/div>\n\t\t\t\t<\/div>\n\t\t\t\t<\/div>\n\t\t","protected":false},"excerpt":{"rendered":"<p>Contacto Cont\u00e1ctanos Para m\u00e1s informaci\u00f3n, no dudes en contactarnos por correo electr\u00f3nico. Direcci\u00f3n: Barcelona, Espa\u00f1a. Correo Electr\u00f3nico: hola@adelynemusic.com S\u00edguenos en nuestras redes sociales: Youtube Tiktok Instagram Escr\u00edbenos para m\u00e1s informaci\u00f3n:<\/p>\n","protected":false},"author":8,"featured_media":0,"parent":0,"menu_order":0,"comment_status":"closed","ping_status":"closed","template":"","meta":{"footnotes":""},"class_list":["post-7","page","type-page","status-publish","hentry"],"yoast_head":"<!-- This site is optimized with the Yoast SEO plugin v26.9 - https:\/\/yoast.com\/product\/yoast-seo-wordpress\/ -->\n<title>Contacto - Adelyne Music<\/title>\n<meta name=\"robots\" content=\"noindex, follow, max-snippet:-1, max-image-preview:large, max-video-preview:-1\" \/>\n<meta property=\"og:locale\" content=\"es_ES\" \/>\n<meta property=\"og:type\" content=\"article\" \/>\n<meta property=\"og:title\" content=\"Contacto - Adelyne Music\" \/>\n<meta property=\"og:description\" content=\"Contacto Cont\u00e1ctanos Para m\u00e1s informaci\u00f3n, no dudes en contactarnos por correo electr\u00f3nico. Direcci\u00f3n: Barcelona, Espa\u00f1a. Correo Electr\u00f3nico: hola@adelynemusic.com S\u00edguenos en nuestras redes sociales: Youtube Tiktok Instagram Escr\u00edbenos para m\u00e1s informaci\u00f3n:\" \/>\n<meta property=\"og:url\" content=\"https:\/\/adelynemusic.com\/?page_id=7\" \/>\n<meta property=\"og:site_name\" content=\"Adelyne Music\" \/>\n<meta property=\"article:modified_time\" content=\"2025-09-25T08:22:59+00:00\" \/>\n<meta property=\"og:image\" content=\"https:\/\/adelynemusic.com\/wp-content\/uploads\/elementor\/thumbs\/IMG-0071-rc93ubcxbie0ktr7sfs2q3sw0f32b8cb2bm9bprl3c.webp\" \/>\n<meta name=\"twitter:card\" content=\"summary_large_image\" \/>\n<meta name=\"twitter:label1\" content=\"Tiempo de lectura\" \/>\n\t<meta name=\"twitter:data1\" content=\"1 minuto\" \/>\n<script type=\"application\/ld+json\" class=\"yoast-schema-graph\">{\"@context\":\"https:\/\/schema.org\",\"@graph\":[{\"@type\":\"WebPage\",\"@id\":\"https:\/\/adelynemusic.com\/?page_id=7\",\"url\":\"https:\/\/adelynemusic.com\/?page_id=7\",\"name\":\"Contacto - Adelyne Music\",\"isPartOf\":{\"@id\":\"https:\/\/adelynemusic.com\/#website\"},\"primaryImageOfPage\":{\"@id\":\"https:\/\/adelynemusic.com\/?page_id=7#primaryimage\"},\"image\":{\"@id\":\"https:\/\/adelynemusic.com\/?page_id=7#primaryimage\"},\"thumbnailUrl\":\"https:\/\/adelynemusic.com\/wp-content\/uploads\/elementor\/thumbs\/IMG-0071-rc93ubcxbie0ktr7sfs2q3sw0f32b8cb2bm9bprl3c.webp\",\"datePublished\":\"2024-09-12T08:49:03+00:00\",\"dateModified\":\"2025-09-25T08:22:59+00:00\",\"breadcrumb\":{\"@id\":\"https:\/\/adelynemusic.com\/?page_id=7#breadcrumb\"},\"inLanguage\":\"es\",\"potentialAction\":[{\"@type\":\"ReadAction\",\"target\":[\"https:\/\/adelynemusic.com\/?page_id=7\"]}]},{\"@type\":\"ImageObject\",\"inLanguage\":\"es\",\"@id\":\"https:\/\/adelynemusic.com\/?page_id=7#primaryimage\",\"url\":\"https:\/\/adelynemusic.com\/wp-content\/uploads\/elementor\/thumbs\/IMG-0071-rc93ubcxbie0ktr7sfs2q3sw0f32b8cb2bm9bprl3c.webp\",\"contentUrl\":\"https:\/\/adelynemusic.com\/wp-content\/uploads\/elementor\/thumbs\/IMG-0071-rc93ubcxbie0ktr7sfs2q3sw0f32b8cb2bm9bprl3c.webp\"},{\"@type\":\"BreadcrumbList\",\"@id\":\"https:\/\/adelynemusic.com\/?page_id=7#breadcrumb\",\"itemListElement\":[{\"@type\":\"ListItem\",\"position\":1,\"name\":\"Portada\",\"item\":\"https:\/\/adelynemusic.com\/\"},{\"@type\":\"ListItem\",\"position\":2,\"name\":\"Contacto\"}]},{\"@type\":\"WebSite\",\"@id\":\"https:\/\/adelynemusic.com\/#website\",\"url\":\"https:\/\/adelynemusic.com\/\",\"name\":\"adelyne music\",\"description\":\"El grupo musical que eleva tus emociones\",\"publisher\":{\"@id\":\"https:\/\/adelynemusic.com\/#organization\"},\"alternateName\":\"Centro Teol\u00f3gico Terap\u00e9utico CTT\",\"potentialAction\":[{\"@type\":\"SearchAction\",\"target\":{\"@type\":\"EntryPoint\",\"urlTemplate\":\"https:\/\/adelynemusic.com\/?s={search_term_string}\"},\"query-input\":{\"@type\":\"PropertyValueSpecification\",\"valueRequired\":true,\"valueName\":\"search_term_string\"}}],\"inLanguage\":\"es\"},{\"@type\":\"Organization\",\"@id\":\"https:\/\/adelynemusic.com\/#organization\",\"name\":\"adelyne music\",\"alternateName\":\"Centro Teol\u00f3gico Terap\u00e9utico CTT\",\"url\":\"https:\/\/adelynemusic.com\/\",\"logo\":{\"@type\":\"ImageObject\",\"inLanguage\":\"es\",\"@id\":\"https:\/\/adelynemusic.com\/#\/schema\/logo\/image\/\",\"url\":\"https:\/\/adelynemusic.com\/wp-content\/uploads\/2024\/09\/Logo_Adalyne_Clean_Negativo.png\",\"contentUrl\":\"https:\/\/adelynemusic.com\/wp-content\/uploads\/2024\/09\/Logo_Adalyne_Clean_Negativo.png\",\"width\":1716,\"height\":808,\"caption\":\"adelyne music\"},\"image\":{\"@id\":\"https:\/\/adelynemusic.com\/#\/schema\/logo\/image\/\"},\"sameAs\":[\"https:\/\/www.instagram.com\/adelynemusic\/\",\"https:\/\/www.tiktok.com\/@adelynemusic\",\"https:\/\/www.youtube.com\/channel\/UCsH5_a8-4666Gp6oRy7BOVw\"]}]}<\/script>\n<!-- \/ Yoast SEO plugin. -->","yoast_head_json":{"title":"Contacto - Adelyne Music","robots":{"index":"noindex","follow":"follow","max-snippet":"max-snippet:-1","max-image-preview":"max-image-preview:large","max-video-preview":"max-video-preview:-1"},"og_locale":"es_ES","og_type":"article","og_title":"Contacto - Adelyne Music","og_description":"Contacto Cont\u00e1ctanos Para m\u00e1s informaci\u00f3n, no dudes en contactarnos por correo electr\u00f3nico. Direcci\u00f3n: Barcelona, Espa\u00f1a. Correo Electr\u00f3nico: hola@adelynemusic.com S\u00edguenos en nuestras redes sociales: Youtube Tiktok Instagram Escr\u00edbenos para m\u00e1s informaci\u00f3n:","og_url":"https:\/\/adelynemusic.com\/?page_id=7","og_site_name":"Adelyne Music","article_modified_time":"2025-09-25T08:22:59+00:00","og_image":[{"url":"https:\/\/adelynemusic.com\/wp-content\/uploads\/elementor\/thumbs\/IMG-0071-rc93ubcxbie0ktr7sfs2q3sw0f32b8cb2bm9bprl3c.webp","type":"","width":"","height":""}],"twitter_card":"summary_large_image","twitter_misc":{"Tiempo de lectura":"1 minuto"},"schema":{"@context":"https:\/\/schema.org","@graph":[{"@type":"WebPage","@id":"https:\/\/adelynemusic.com\/?page_id=7","url":"https:\/\/adelynemusic.com\/?page_id=7","name":"Contacto - Adelyne Music","isPartOf":{"@id":"https:\/\/adelynemusic.com\/#website"},"primaryImageOfPage":{"@id":"https:\/\/adelynemusic.com\/?page_id=7#primaryimage"},"image":{"@id":"https:\/\/adelynemusic.com\/?page_id=7#primaryimage"},"thumbnailUrl":"https:\/\/adelynemusic.com\/wp-content\/uploads\/elementor\/thumbs\/IMG-0071-rc93ubcxbie0ktr7sfs2q3sw0f32b8cb2bm9bprl3c.webp","datePublished":"2024-09-12T08:49:03+00:00","dateModified":"2025-09-25T08:22:59+00:00","breadcrumb":{"@id":"https:\/\/adelynemusic.com\/?page_id=7#breadcrumb"},"inLanguage":"es","potentialAction":[{"@type":"ReadAction","target":["https:\/\/adelynemusic.com\/?page_id=7"]}]},{"@type":"ImageObject","inLanguage":"es","@id":"https:\/\/adelynemusic.com\/?page_id=7#primaryimage","url":"https:\/\/adelynemusic.com\/wp-content\/uploads\/elementor\/thumbs\/IMG-0071-rc93ubcxbie0ktr7sfs2q3sw0f32b8cb2bm9bprl3c.webp","contentUrl":"https:\/\/adelynemusic.com\/wp-content\/uploads\/elementor\/thumbs\/IMG-0071-rc93ubcxbie0ktr7sfs2q3sw0f32b8cb2bm9bprl3c.webp"},{"@type":"BreadcrumbList","@id":"https:\/\/adelynemusic.com\/?page_id=7#breadcrumb","itemListElement":[{"@type":"ListItem","position":1,"name":"Portada","item":"https:\/\/adelynemusic.com\/"},{"@type":"ListItem","position":2,"name":"Contacto"}]},{"@type":"WebSite","@id":"https:\/\/adelynemusic.com\/#website","url":"https:\/\/adelynemusic.com\/","name":"adelyne music","description":"El grupo musical que eleva tus emociones","publisher":{"@id":"https:\/\/adelynemusic.com\/#organization"},"alternateName":"Centro Teol\u00f3gico Terap\u00e9utico CTT","potentialAction":[{"@type":"SearchAction","target":{"@type":"EntryPoint","urlTemplate":"https:\/\/adelynemusic.com\/?s={search_term_string}"},"query-input":{"@type":"PropertyValueSpecification","valueRequired":true,"valueName":"search_term_string"}}],"inLanguage":"es"},{"@type":"Organization","@id":"https:\/\/adelynemusic.com\/#organization","name":"adelyne music","alternateName":"Centro Teol\u00f3gico Terap\u00e9utico CTT","url":"https:\/\/adelynemusic.com\/","logo":{"@type":"ImageObject","inLanguage":"es","@id":"https:\/\/adelynemusic.com\/#\/schema\/logo\/image\/","url":"https:\/\/adelynemusic.com\/wp-content\/uploads\/2024\/09\/Logo_Adalyne_Clean_Negativo.png","contentUrl":"https:\/\/adelynemusic.com\/wp-content\/uploads\/2024\/09\/Logo_Adalyne_Clean_Negativo.png","width":1716,"height":808,"caption":"adelyne music"},"image":{"@id":"https:\/\/adelynemusic.com\/#\/schema\/logo\/image\/"},"sameAs":["https:\/\/www.instagram.com\/adelynemusic\/","https:\/\/www.tiktok.com\/@adelynemusic","https:\/\/www.youtube.com\/channel\/UCsH5_a8-4666Gp6oRy7BOVw"]}]}},"_links":{"self":[{"href":"https:\/\/adelynemusic.com\/index.php?rest_route=\/wp\/v2\/pages\/7","targetHints":{"allow":["GET"]}}],"collection":[{"href":"https:\/\/adelynemusic.com\/index.php?rest_route=\/wp\/v2\/pages"}],"about":[{"href":"https:\/\/adelynemusic.com\/index.php?rest_route=\/wp\/v2\/types\/page"}],"author":[{"embeddable":true,"href":"https:\/\/adelynemusic.com\/index.php?rest_route=\/wp\/v2\/users\/8"}],"replies":[{"embeddable":true,"href":"https:\/\/adelynemusic.com\/index.php?rest_route=%2Fwp%2Fv2%2Fcomments&post=7"}],"version-history":[{"count":10,"href":"https:\/\/adelynemusic.com\/index.php?rest_route=\/wp\/v2\/pages\/7\/revisions"}],"predecessor-version":[{"id":1635,"href":"https:\/\/adelynemusic.com\/index.php?rest_route=\/wp\/v2\/pages\/7\/revisions\/1635"}],"wp:attachment":[{"href":"https:\/\/adelynemusic.com\/index.php?rest_route=%2Fwp%2Fv2%2Fmedia&parent=7"}],"curies":[{"name":"wp","href":"https:\/\/api.w.org\/{rel}","templated":true}]}}